{"id":205,"date":"2025-10-30T08:51:36","date_gmt":"2025-10-30T07:51:36","guid":{"rendered":"https:\/\/uks-siodemka.pl\/?page_id=205"},"modified":"2026-03-31T09:10:13","modified_gmt":"2026-03-31T07:10:13","slug":"strefa-klubu","status":"publish","type":"page","link":"https:\/\/uks-siodemka.pl\/?page_id=205","title":{"rendered":"Strefa Klubu"},"content":{"rendered":"\t\t<div data-elementor-type=\"wp-page\" data-elementor-id=\"205\" class=\"elementor elementor-205\" data-elementor-post-type=\"page\">\n\t\t\t\t<div class=\"elementor-element elementor-element-38085cfb e-flex e-con-boxed e-con e-parent\" data-id=\"38085cfb\" data-element_type=\"container\" data-e-type=\"container\" data-settings=\"{&quot;background_background&quot;:&quot;classic&quot;}\">\n\t\t\t\t\t<div class=\"e-con-inner\">\n\t\t\t\t<div class=\"elementor-element elementor-element-d8299f1 animated-slow elementor-invisible elementor-widget elementor-widget-heading\" data-id=\"d8299f1\" data-element_type=\"widget\" data-e-type=\"widget\" data-settings=\"{&quot;_animation&quot;:&quot;slideInUp&quot;}\" data-widget_type=\"heading.default\">\n\t\t\t\t\t<h2 class=\"elementor-heading-title elementor-size-default\">Strefa Klubu<\/h2>\t\t\t\t<\/div>\n\t\t\t\t<div class=\"elementor-element elementor-element-aa76681 animated-slow elementor-invisible elementor-widget elementor-widget-heading\" data-id=\"aa76681\" data-element_type=\"widget\" data-e-type=\"widget\" data-settings=\"{&quot;_animation&quot;:&quot;slideInUp&quot;}\" data-widget_type=\"heading.default\">\n\t\t\t\t\t<h2 class=\"elementor-heading-title elementor-size-default\">Do pobrania<\/h2>\t\t\t\t<\/div>\n\t\t<div class=\"elementor-element elementor-element-cf7d167 e-con-full e-flex e-con e-child\" data-id=\"cf7d167\" data-element_type=\"container\" data-e-type=\"container\">\n\t\t<div class=\"elementor-element elementor-element-b23ff2 animated-slow e-con-full e-flex elementor-invisible e-con e-child\" data-id=\"b23ff2\" data-element_type=\"container\" data-e-type=\"container\" data-settings=\"{&quot;animation&quot;:&quot;fadeInUp&quot;,&quot;animation_delay&quot;:150}\">\n\t\t\t\t<div class=\"elementor-element elementor-element-384bc3f9 elementor-vertical-align-top elementor-widget elementor-widget-image-box\" data-id=\"384bc3f9\" data-element_type=\"widget\" data-e-type=\"widget\" data-widget_type=\"image-box.default\">\n\t\t\t\t\t<div class=\"elementor-image-box-wrapper\"><div class=\"elementor-image-box-content\"><h3 class=\"elementor-image-box-title\">Pliki do pobrania<\/h3><\/div><\/div>\t\t\t\t<\/div>\n\t\t\t\t<div class=\"elementor-element elementor-element-1e6cccec elementor-widget elementor-widget-text-editor\" data-id=\"1e6cccec\" data-element_type=\"widget\" data-e-type=\"widget\" data-widget_type=\"text-editor.default\">\n\t\t\t\t\t\t\t\t\t<p>Tutaj znajdziesz wszystkie najwa\u017cniejsze materia\u0142y, dokumenty i formularze w jednym miejscu.\u00a0<\/p>\t\t\t\t\t\t\t\t<\/div>\n\t\t\t\t<div class=\"elementor-element elementor-element-37961d5 elementor-align-justify elementor-widget elementor-widget-button\" data-id=\"37961d5\" data-element_type=\"widget\" data-e-type=\"widget\" data-widget_type=\"button.default\">\n\t\t\t\t\t\t\t\t\t\t<a class=\"elementor-button elementor-button-link elementor-size-sm\" href=\"https:\/\/uks-siodemka.pl\/wp-content\/uploads\/Dokumenty%20Klubu\/Deklaracja%20czlonkowska%20UKS%20Si\u00f3demka.pdf\">\n\t\t\t\t\t\t<span class=\"elementor-button-content-wrapper\">\n\t\t\t\t\t\t\t\t\t<span class=\"elementor-button-text\">Deklaracja cz\u0142onkowska<\/span>\n\t\t\t\t\t<\/span>\n\t\t\t\t\t<\/a>\n\t\t\t\t\t\t\t\t<\/div>\n\t\t\t\t<div class=\"elementor-element elementor-element-663b990 elementor-align-justify elementor-widget elementor-widget-button\" data-id=\"663b990\" data-element_type=\"widget\" data-e-type=\"widget\" data-widget_type=\"button.default\">\n\t\t\t\t\t\t\t\t\t\t<a class=\"elementor-button elementor-button-link elementor-size-sm\" href=\"https:\/\/uks-siodemka.pl\/wp-content\/uploads\/Dokumenty%20Klubu\/Oswiadczenie%20RODO.pdf\">\n\t\t\t\t\t\t<span class=\"elementor-button-content-wrapper\">\n\t\t\t\t\t\t\t\t\t<span class=\"elementor-button-text\">O\u015bwiadczenie RODO<\/span>\n\t\t\t\t\t<\/span>\n\t\t\t\t\t<\/a>\n\t\t\t\t\t\t\t\t<\/div>\n\t\t\t\t<div class=\"elementor-element elementor-element-a8ccc46 elementor-align-justify elementor-widget elementor-widget-button\" data-id=\"a8ccc46\" data-element_type=\"widget\" data-e-type=\"widget\" data-widget_type=\"button.default\">\n\t\t\t\t\t\t\t\t\t\t<a class=\"elementor-button elementor-button-link elementor-size-sm\" href=\"https:\/\/uks-siodemka.pl\/wp-content\/uploads\/Dokumenty%20Klubu\/Zgoda%20wizerunek.pdf\">\n\t\t\t\t\t\t<span class=\"elementor-button-content-wrapper\">\n\t\t\t\t\t\t\t\t\t<span class=\"elementor-button-text\">Zgoda na u\u017cycie wizerunk.<\/span>\n\t\t\t\t\t<\/span>\n\t\t\t\t\t<\/a>\n\t\t\t\t\t\t\t\t<\/div>\n\t\t\t\t<div class=\"elementor-element elementor-element-6bad047 elementor-align-justify elementor-widget elementor-widget-button\" data-id=\"6bad047\" data-element_type=\"widget\" data-e-type=\"widget\" data-widget_type=\"button.default\">\n\t\t\t\t\t\t\t\t\t\t<a class=\"elementor-button elementor-button-link elementor-size-sm\" href=\"https:\/\/uks-siodemka.pl\/wp-content\/uploads\/Dokumenty%20Klubu\/O\u015bwiadczenie%20o%20braku%20przeciwwskaza\u0144.pdf\">\n\t\t\t\t\t\t<span class=\"elementor-button-content-wrapper\">\n\t\t\t\t\t\t\t\t\t<span class=\"elementor-button-text\">O\u015bwiadczenie o braku przeciwskaza\u0144 - doro\u015bli<\/span>\n\t\t\t\t\t<\/span>\n\t\t\t\t\t<\/a>\n\t\t\t\t\t\t\t\t<\/div>\n\t\t\t\t<\/div>\n\t\t<div class=\"elementor-element elementor-element-6123ce02 animated-slow e-con-full e-flex elementor-invisible e-con e-child\" data-id=\"6123ce02\" data-element_type=\"container\" data-e-type=\"container\" data-settings=\"{&quot;animation&quot;:&quot;fadeInUp&quot;,&quot;animation_delay&quot;:150}\">\n\t\t\t\t<div class=\"elementor-element elementor-element-363a8bcb elementor-vertical-align-top elementor-widget elementor-widget-image-box\" data-id=\"363a8bcb\" data-element_type=\"widget\" data-e-type=\"widget\" data-widget_type=\"image-box.default\">\n\t\t\t\t\t<div class=\"elementor-image-box-wrapper\"><div class=\"elementor-image-box-content\"><h3 class=\"elementor-image-box-title\">U\u017cyteczne linki<\/h3><\/div><\/div>\t\t\t\t<\/div>\n\t\t\t\t<div class=\"elementor-element elementor-element-74c6b1fb elementor-widget elementor-widget-text-editor\" data-id=\"74c6b1fb\" data-element_type=\"widget\" data-e-type=\"widget\" data-widget_type=\"text-editor.default\">\n\t\t\t\t\t\t\t\t\t<p>Zebrali\u015bmy w jednym miejscu najwa\u017cniejsze odno\u015bniki, kt\u00f3re mog\u0105 Ci si\u0119 przyda\u0107. Sprawd\u017a polecane strony, narz\u0119dzia i \u017ar\u00f3d\u0142a informacji.<\/p>\t\t\t\t\t\t\t\t<\/div>\n\t\t\t\t<div class=\"elementor-element elementor-element-683ca1e0 elementor-align-justify elementor-widget elementor-widget-button\" data-id=\"683ca1e0\" data-element_type=\"widget\" data-e-type=\"widget\" data-widget_type=\"button.default\">\n\t\t\t\t\t\t\t\t\t\t<a class=\"elementor-button elementor-button-link elementor-size-sm\" href=\"https:\/\/uks-siodemka.pl\/wp-content\/uploads\/Dokumenty%20Klubu\/Plan%20zaj\u0119\u0107.pdf\">\n\t\t\t\t\t\t<span class=\"elementor-button-content-wrapper\">\n\t\t\t\t\t\t\t\t\t<span class=\"elementor-button-text\">Plan zaj\u0119\u0107<\/span>\n\t\t\t\t\t<\/span>\n\t\t\t\t\t<\/a>\n\t\t\t\t\t\t\t\t<\/div>\n\t\t\t\t<div class=\"elementor-element elementor-element-5f19cd1 elementor-align-justify elementor-widget elementor-widget-button\" data-id=\"5f19cd1\" data-element_type=\"widget\" data-e-type=\"widget\" data-widget_type=\"button.default\">\n\t\t\t\t\t\t\t\t\t\t<a class=\"elementor-button elementor-button-link elementor-size-sm\" href=\"https:\/\/uks-siodemka.pl\/?page_id=3\">\n\t\t\t\t\t\t<span class=\"elementor-button-content-wrapper\">\n\t\t\t\t\t\t\t\t\t<span class=\"elementor-button-text\">Polityka prywatno\u015bci klubu<\/span>\n\t\t\t\t\t<\/span>\n\t\t\t\t\t<\/a>\n\t\t\t\t\t\t\t\t<\/div>\n\t\t\t\t<div class=\"elementor-element elementor-element-5805eb1 elementor-align-justify elementor-widget elementor-widget-button\" data-id=\"5805eb1\" data-element_type=\"widget\" data-e-type=\"widget\" data-widget_type=\"button.default\">\n\t\t\t\t\t\t\t\t\t\t<a class=\"elementor-button elementor-button-link elementor-size-sm\" href=\"https:\/\/uks-siodemka.pl\/wp-content\/uploads\/Dokumenty%20Klubu\/Polityka%20i%20Standardy%20Ochrony%20Ma%C5%82oletnich%20w%20UKS%20Si%C3%B3demka%20w%20Strzelcach%20Opolskich.pdf\">\n\t\t\t\t\t\t<span class=\"elementor-button-content-wrapper\">\n\t\t\t\t\t\t\t\t\t<span class=\"elementor-button-text\">Standardy ochrony ma\u0142oletnich<\/span>\n\t\t\t\t\t<\/span>\n\t\t\t\t\t<\/a>\n\t\t\t\t\t\t\t\t<\/div>\n\t\t\t\t<div class=\"elementor-element elementor-element-875edaf elementor-align-justify elementor-widget elementor-widget-button\" data-id=\"875edaf\" data-element_type=\"widget\" data-e-type=\"widget\" data-widget_type=\"button.default\">\n\t\t\t\t\t\t\t\t\t\t<a class=\"elementor-button elementor-button-link elementor-size-sm\" href=\"https:\/\/uks-siodemka.pl\/wp-content\/uploads\/Dokumenty%20Klubu\/STANDARDY%20OCHRONY%20DZIECI%20%281%29.pdf\">\n\t\t\t\t\t\t<span class=\"elementor-button-content-wrapper\">\n\t\t\t\t\t\t\t\t\t<span class=\"elementor-button-text\">Standardy ochrony ma\u0142oletnich (wizualne)<\/span>\n\t\t\t\t\t<\/span>\n\t\t\t\t\t<\/a>\n\t\t\t\t\t\t\t\t<\/div>\n\t\t\t\t<\/div>\n\t\t<div class=\"elementor-element elementor-element-7eb1c7c animated-slow e-con-full e-flex elementor-invisible e-con e-child\" data-id=\"7eb1c7c\" data-element_type=\"container\" data-e-type=\"container\" data-settings=\"{&quot;animation&quot;:&quot;fadeInUp&quot;,&quot;animation_delay&quot;:150}\">\n\t\t\t\t<div class=\"elementor-element elementor-element-bfa6e11 elementor-vertical-align-top elementor-widget elementor-widget-image-box\" data-id=\"bfa6e11\" data-element_type=\"widget\" data-e-type=\"widget\" data-widget_type=\"image-box.default\">\n\t\t\t\t\t<div class=\"elementor-image-box-wrapper\"><div class=\"elementor-image-box-content\"><h3 class=\"elementor-image-box-title\">Statut klubu i regulamin zaj\u0119\u0107<\/h3><\/div><\/div>\t\t\t\t<\/div>\n\t\t\t\t<div class=\"elementor-element elementor-element-71a5eac7 elementor-widget elementor-widget-text-editor\" data-id=\"71a5eac7\" data-element_type=\"widget\" data-e-type=\"widget\" data-widget_type=\"text-editor.default\">\n\t\t\t\t\t\t\t\t\t<p>Poznaj zasady, wed\u0142ug kt\u00f3rych dzia\u0142a nasz klub. Znajdziesz tu najwa\u017cniejsze informacje dotycz\u0105ce cz\u0142onkostwa, uczestnictwa w treningach oraz zasad bezpiecze\u0144stwa. Dzi\u0119ki temu ka\u017cdy z nas mo\u017ce trenowa\u0107 w przyjaznej, uporz\u0105dkowanej i bezpiecznej atmosferze. Zgodnie z przyj\u0119tymi przez nas zasadami.<\/p>\t\t\t\t\t\t\t\t<\/div>\n\t\t\t\t<div class=\"elementor-element elementor-element-5668fe8b elementor-align-justify elementor-widget elementor-widget-button\" data-id=\"5668fe8b\" data-element_type=\"widget\" data-e-type=\"widget\" data-widget_type=\"button.default\">\n\t\t\t\t\t\t\t\t\t\t<a class=\"elementor-button elementor-button-link elementor-size-sm\" href=\"https:\/\/uks-siodemka.pl\/wp-content\/uploads\/Dokumenty%20Klubu\/Regulamin%20zaj\u0119\u0107%20UKS%20Si\u00f3demka%20w%20Strzelcach%20Opolskich.pdf\">\n\t\t\t\t\t\t<span class=\"elementor-button-content-wrapper\">\n\t\t\t\t\t\t\t\t\t<span class=\"elementor-button-text\">Regulamin<\/span>\n\t\t\t\t\t<\/span>\n\t\t\t\t\t<\/a>\n\t\t\t\t\t\t\t\t<\/div>\n\t\t\t\t<div class=\"elementor-element elementor-element-7e6c224 elementor-align-justify elementor-widget elementor-widget-button\" data-id=\"7e6c224\" data-element_type=\"widget\" data-e-type=\"widget\" data-widget_type=\"button.default\">\n\t\t\t\t\t\t\t\t\t\t<a class=\"elementor-button elementor-button-link elementor-size-sm\" href=\"https:\/\/uks-siodemka.pl\/wp-content\/uploads\/Dokumenty%20Klubu\/REGULAMIN%20OP\u0141AT.pdf?_t=1774940932.pdf\">\n\t\t\t\t\t\t<span class=\"elementor-button-content-wrapper\">\n\t\t\t\t\t\t\t\t\t<span class=\"elementor-button-text\">Regulamin Op\u0142at<\/span>\n\t\t\t\t\t<\/span>\n\t\t\t\t\t<\/a>\n\t\t\t\t\t\t\t\t<\/div>\n\t\t\t\t<div class=\"elementor-element elementor-element-0e7c90c elementor-align-justify elementor-widget elementor-widget-button\" data-id=\"0e7c90c\" data-element_type=\"widget\" data-e-type=\"widget\" data-widget_type=\"button.default\">\n\t\t\t\t\t\t\t\t\t\t<a class=\"elementor-button elementor-button-link elementor-size-sm\" href=\"https:\/\/uks-siodemka.pl\/wp-content\/uploads\/Dokumenty%20Klubu\/Statut.pdf\">\n\t\t\t\t\t\t<span class=\"elementor-button-content-wrapper\">\n\t\t\t\t\t\t\t\t\t<span class=\"elementor-button-text\">Statut Klubu<\/span>\n\t\t\t\t\t<\/span>\n\t\t\t\t\t<\/a>\n\t\t\t\t\t\t\t\t<\/div>\n\t\t\t\t<\/div>\n\t\t\t\t<\/div>\n\t\t\t\t\t<\/div>\n\t\t\t\t<\/div>\n\t\t\t\t<\/div>\n\t\t","protected":false},"excerpt":{"rendered":"<p>Tutaj znajdziesz wszystkie najwa\u017cniejsze materia\u0142y dla zawodnik\u00f3w i rodzic\u00f3w: regulaminy, pliki do pobrania oraz przydatne linki. Strefa Klubu UKS Si\u00f3demka to centrum informacji dla tych, kt\u00f3rzy chc\u0105 by\u0107 zawsze na bie\u017c\u0105co z \u017cyciem klubu judo.<\/p>\n","protected":false},"author":1,"featured_media":0,"parent":0,"menu_order":0,"comment_status":"closed","ping_status":"closed","template":"","meta":{"footnotes":""},"class_list":["post-205","page","type-page","status-publish","hentry"],"_links":{"self":[{"href":"https:\/\/uks-siodemka.pl\/index.php?rest_route=\/wp\/v2\/pages\/205","targetHints":{"allow":["GET"]}}],"collection":[{"href":"https:\/\/uks-siodemka.pl\/index.php?rest_route=\/wp\/v2\/pages"}],"about":[{"href":"https:\/\/uks-siodemka.pl\/index.php?rest_route=\/wp\/v2\/types\/page"}],"author":[{"embeddable":true,"href":"https:\/\/uks-siodemka.pl\/index.php?rest_route=\/wp\/v2\/users\/1"}],"replies":[{"embeddable":true,"href":"https:\/\/uks-siodemka.pl\/index.php?rest_route=%2Fwp%2Fv2%2Fcomments&post=205"}],"version-history":[{"count":65,"href":"https:\/\/uks-siodemka.pl\/index.php?rest_route=\/wp\/v2\/pages\/205\/revisions"}],"predecessor-version":[{"id":495,"href":"https:\/\/uks-siodemka.pl\/index.php?rest_route=\/wp\/v2\/pages\/205\/revisions\/495"}],"wp:attachment":[{"href":"https:\/\/uks-siodemka.pl\/index.php?rest_route=%2Fwp%2Fv2%2Fmedia&parent=205"}],"curies":[{"name":"wp","href":"https:\/\/api.w.org\/{rel}","templated":true}]}}