{"id":54,"date":"2025-10-24T19:55:08","date_gmt":"2025-10-24T17:55:08","guid":{"rendered":"https:\/\/uks-siodemka.pl\/?page_id=54"},"modified":"2025-10-25T16:21:14","modified_gmt":"2025-10-25T14:21:14","slug":"galeria","status":"publish","type":"page","link":"https:\/\/uks-siodemka.pl\/?page_id=54","title":{"rendered":"Galeria"},"content":{"rendered":"\t\t<div data-elementor-type=\"wp-page\" data-elementor-id=\"54\" class=\"elementor elementor-54\" data-elementor-post-type=\"page\">\n\t\t\t\t<div class=\"elementor-element elementor-element-30d892e4 e-flex e-con-boxed e-con e-parent\" data-id=\"30d892e4\" data-element_type=\"container\" data-e-type=\"container\" data-settings=\"{&quot;background_background&quot;:&quot;classic&quot;}\">\n\t\t\t\t\t<div class=\"e-con-inner\">\n\t\t\t\t<div class=\"elementor-element elementor-element-8cec6f0 elementor-widget elementor-widget-heading\" data-id=\"8cec6f0\" data-element_type=\"widget\" data-e-type=\"widget\" data-widget_type=\"heading.default\">\n\t\t\t\t\t<h2 class=\"elementor-heading-title elementor-size-default\">Zobacz nas!<\/h2>\t\t\t\t<\/div>\n\t\t\t\t<div class=\"elementor-element elementor-element-537b1c18 elementor-widget elementor-widget-heading\" data-id=\"537b1c18\" data-element_type=\"widget\" data-e-type=\"widget\" data-widget_type=\"heading.default\">\n\t\t\t\t\t<h1 class=\"elementor-heading-title elementor-size-default\">Galeria<\/h1>\t\t\t\t<\/div>\n\t\t\t\t<div class=\"elementor-element elementor-element-500313b8 elementor-widget elementor-widget-text-editor\" data-id=\"500313b8\" data-element_type=\"widget\" data-e-type=\"widget\" data-widget_type=\"text-editor.default\">\n\t\t\t\t\t\t\t\t\t<p>Zobacz nasze treningi, zawody i wyj\u0105tkowe chwile z \u017cycia klubu. Ka\u017cde zdj\u0119cie pokazuje pasj\u0119, zaanga\u017cowanie i sportowego ducha naszych zawodnik\u00f3w.<\/p>\t\t\t\t\t\t\t\t<\/div>\n\t\t\t\t<div class=\"elementor-element elementor-element-26faf45b elementor-align-center elementor-widget elementor-widget-button\" data-id=\"26faf45b\" data-element_type=\"widget\" data-e-type=\"widget\" data-widget_type=\"button.default\">\n\t\t\t\t\t\t\t\t\t\t<a class=\"elementor-button elementor-button-link elementor-size-lg elementor-animation-grow\" href=\"#\">\n\t\t\t\t\t\t<span class=\"elementor-button-content-wrapper\">\n\t\t\t\t\t\t\t\t\t<span class=\"elementor-button-text\">do\u0142\u0105cz do klubu!<\/span>\n\t\t\t\t\t<\/span>\n\t\t\t\t\t<\/a>\n\t\t\t\t\t\t\t\t<\/div>\n\t\t\t\t<div class=\"elementor-element elementor-element-65c2d67c elementor-grid-1 elementor-widget__width-auto elementor-absolute elementor-grid-mobile-1 elementor-shape-rounded e-grid-align-center elementor-widget elementor-widget-social-icons\" data-id=\"65c2d67c\" data-element_type=\"widget\" data-e-type=\"widget\" data-settings=\"{&quot;_position&quot;:&quot;absolute&quot;}\" data-widget_type=\"social-icons.default\">\n\t\t\t\t\t\t\t<div class=\"elementor-social-icons-wrapper elementor-grid\">\n\t\t\t\t\t\t\t<span class=\"elementor-grid-item\">\n\t\t\t\t\t<a class=\"elementor-icon elementor-social-icon elementor-social-icon-facebook elementor-animation-grow elementor-repeater-item-902d5c1\" href=\"https:\/\/www.facebook.com\/profile.php?id=61551334071251\" target=\"_blank\">\n\t\t\t\t\t\t<span class=\"elementor-screen-only\">Facebook<\/span>\n\t\t\t\t\t\t<svg aria-hidden=\"true\" class=\"e-font-icon-svg e-fab-facebook\" viewBox=\"0 0 512 512\" xmlns=\"http:\/\/www.w3.org\/2000\/svg\"><path d=\"M504 256C504 119 393 8 256 8S8 119 8 256c0 123.78 90.69 226.38 209.25 245V327.69h-63V256h63v-54.64c0-62.15 37-96.48 93.67-96.48 27.14 0 55.52 4.84 55.52 4.84v61h-31.28c-30.8 0-40.41 19.12-40.41 38.73V256h68.78l-11 71.69h-57.78V501C413.31 482.38 504 379.78 504 256z\"><\/path><\/svg>\t\t\t\t\t<\/a>\n\t\t\t\t<\/span>\n\t\t\t\t\t<\/div>\n\t\t\t\t\t\t<\/div>\n\t\t\t\t\t<\/div>\n\t\t\t\t<\/div>\n\t\t<div class=\"elementor-element elementor-element-61d850bb e-flex e-con-boxed e-con e-parent\" data-id=\"61d850bb\" data-element_type=\"container\" data-e-type=\"container\" data-settings=\"{&quot;background_background&quot;:&quot;classic&quot;}\">\n\t\t\t\t\t<div class=\"e-con-inner\">\n\t\t\t\t<div class=\"elementor-element elementor-element-68d4e037 elementor-widget-mobile__width-inherit elementor-widget elementor-widget-gallery\" data-id=\"68d4e037\" data-element_type=\"widget\" data-e-type=\"widget\" data-settings=\"{&quot;columns&quot;:3,&quot;gap&quot;:{&quot;unit&quot;:&quot;px&quot;,&quot;size&quot;:22,&quot;sizes&quot;:[]},&quot;overlay_title&quot;:&quot;caption&quot;,&quot;content_hover_animation&quot;:&quot;shrink&quot;,&quot;content_sequenced_animation&quot;:&quot;yes&quot;,&quot;lazyload&quot;:&quot;yes&quot;,&quot;gallery_layout&quot;:&quot;grid&quot;,&quot;columns_tablet&quot;:2,&quot;columns_mobile&quot;:1,&quot;gap_tablet&quot;:{&quot;unit&quot;:&quot;px&quot;,&quot;size&quot;:10,&quot;sizes&quot;:[]},&quot;gap_mobile&quot;:{&quot;unit&quot;:&quot;px&quot;,&quot;size&quot;:10,&quot;sizes&quot;:[]},&quot;link_to&quot;:&quot;file&quot;,&quot;aspect_ratio&quot;:&quot;3:2&quot;,&quot;overlay_background&quot;:&quot;yes&quot;}\" data-widget_type=\"gallery.default\">\n\t\t\t\t\t\t\t<div class=\"elementor-gallery__container\">\n\t\t\t\t\t\t\t<a class=\"e-gallery-item elementor-gallery-item elementor-animated-content\" href=\"https:\/\/uks-siodemka.pl\/wp-content\/uploads\/2025\/10\/boxking_gallery_111.jpg\" data-elementor-open-lightbox=\"yes\" data-elementor-lightbox-slideshow=\"68d4e037\" data-elementor-lightbox-title=\"boxking_gallery_111.jpg\" data-e-action-hash=\"#elementor-action%3Aaction%3Dlightbox%26settings%3DeyJpZCI6NTcsInVybCI6Imh0dHBzOlwvXC91a3Mtc2lvZGVta2EucGxcL3dwLWNvbnRlbnRcL3VwbG9hZHNcLzIwMjVcLzEwXC9ib3hraW5nX2dhbGxlcnlfMTExLmpwZyIsInNsaWRlc2hvdyI6IjY4ZDRlMDM3In0%3D\">\n\t\t\t\t\t<div class=\"e-gallery-image elementor-gallery-item__image\" data-thumbnail=\"https:\/\/uks-siodemka.pl\/wp-content\/uploads\/2025\/10\/boxking_gallery_111.jpg\" data-width=\"557\" data-height=\"400\" aria-label=\"\" role=\"img\" ><\/div>\n\t\t\t\t\t\t\t\t\t\t\t<div class=\"elementor-gallery-item__overlay\"><\/div>\n\t\t\t\t\t\t\t\t\t\t\t\t\t\t\t<div class=\"elementor-gallery-item__content\">\n\t\t\t\t\t\t\t\t\t\t\t<\/div>\n\t\t\t\t\t\t\t\t\t<\/a>\n\t\t\t\t\t\t\t<a class=\"e-gallery-item elementor-gallery-item elementor-animated-content\" href=\"https:\/\/uks-siodemka.pl\/wp-content\/uploads\/2025\/10\/boxking_gallery_2.jpg\" data-elementor-open-lightbox=\"yes\" data-elementor-lightbox-slideshow=\"68d4e037\" data-elementor-lightbox-title=\"boxking_gallery_2.jpg\" data-e-action-hash=\"#elementor-action%3Aaction%3Dlightbox%26settings%3DeyJpZCI6NTgsInVybCI6Imh0dHBzOlwvXC91a3Mtc2lvZGVta2EucGxcL3dwLWNvbnRlbnRcL3VwbG9hZHNcLzIwMjVcLzEwXC9ib3hraW5nX2dhbGxlcnlfMi5qcGciLCJzbGlkZXNob3ciOiI2OGQ0ZTAzNyJ9\">\n\t\t\t\t\t<div class=\"e-gallery-image elementor-gallery-item__image\" data-thumbnail=\"https:\/\/uks-siodemka.pl\/wp-content\/uploads\/2025\/10\/boxking_gallery_2.jpg\" data-width=\"558\" data-height=\"400\" aria-label=\"\" role=\"img\" ><\/div>\n\t\t\t\t\t\t\t\t\t\t\t<div class=\"elementor-gallery-item__overlay\"><\/div>\n\t\t\t\t\t\t\t\t\t\t\t\t\t\t\t<div class=\"elementor-gallery-item__content\">\n\t\t\t\t\t\t\t\t\t\t\t<\/div>\n\t\t\t\t\t\t\t\t\t<\/a>\n\t\t\t\t\t\t\t<a class=\"e-gallery-item elementor-gallery-item elementor-animated-content\" href=\"https:\/\/uks-siodemka.pl\/wp-content\/uploads\/2025\/10\/boxking_gallery_3.jpg\" data-elementor-open-lightbox=\"yes\" data-elementor-lightbox-slideshow=\"68d4e037\" data-elementor-lightbox-title=\"boxking_gallery_3.jpg\" data-e-action-hash=\"#elementor-action%3Aaction%3Dlightbox%26settings%3DeyJpZCI6NTksInVybCI6Imh0dHBzOlwvXC91a3Mtc2lvZGVta2EucGxcL3dwLWNvbnRlbnRcL3VwbG9hZHNcLzIwMjVcLzEwXC9ib3hraW5nX2dhbGxlcnlfMy5qcGciLCJzbGlkZXNob3ciOiI2OGQ0ZTAzNyJ9\">\n\t\t\t\t\t<div class=\"e-gallery-image elementor-gallery-item__image\" data-thumbnail=\"https:\/\/uks-siodemka.pl\/wp-content\/uploads\/2025\/10\/boxking_gallery_3.jpg\" data-width=\"558\" data-height=\"400\" aria-label=\"\" role=\"img\" ><\/div>\n\t\t\t\t\t\t\t\t\t\t\t<div class=\"elementor-gallery-item__overlay\"><\/div>\n\t\t\t\t\t\t\t\t\t\t\t\t\t\t\t<div class=\"elementor-gallery-item__content\">\n\t\t\t\t\t\t\t\t\t\t\t<\/div>\n\t\t\t\t\t\t\t\t\t<\/a>\n\t\t\t\t\t\t\t<a class=\"e-gallery-item elementor-gallery-item elementor-animated-content\" href=\"https:\/\/uks-siodemka.pl\/wp-content\/uploads\/2025\/10\/boxking_gallery_4.jpg\" data-elementor-open-lightbox=\"yes\" data-elementor-lightbox-slideshow=\"68d4e037\" data-elementor-lightbox-title=\"boxking_gallery_4.jpg\" data-e-action-hash=\"#elementor-action%3Aaction%3Dlightbox%26settings%3DeyJpZCI6NjAsInVybCI6Imh0dHBzOlwvXC91a3Mtc2lvZGVta2EucGxcL3dwLWNvbnRlbnRcL3VwbG9hZHNcLzIwMjVcLzEwXC9ib3hraW5nX2dhbGxlcnlfNC5qcGciLCJzbGlkZXNob3ciOiI2OGQ0ZTAzNyJ9\">\n\t\t\t\t\t<div class=\"e-gallery-image elementor-gallery-item__image\" data-thumbnail=\"https:\/\/uks-siodemka.pl\/wp-content\/uploads\/2025\/10\/boxking_gallery_4.jpg\" data-width=\"558\" data-height=\"400\" aria-label=\"\" role=\"img\" ><\/div>\n\t\t\t\t\t\t\t\t\t\t\t<div class=\"elementor-gallery-item__overlay\"><\/div>\n\t\t\t\t\t\t\t\t\t\t\t\t\t\t\t<div class=\"elementor-gallery-item__content\">\n\t\t\t\t\t\t\t\t\t\t\t<\/div>\n\t\t\t\t\t\t\t\t\t<\/a>\n\t\t\t\t\t\t\t<a class=\"e-gallery-item elementor-gallery-item elementor-animated-content\" href=\"https:\/\/uks-siodemka.pl\/wp-content\/uploads\/2025\/10\/boxking_gallery_5.jpg\" data-elementor-open-lightbox=\"yes\" data-elementor-lightbox-slideshow=\"68d4e037\" data-elementor-lightbox-title=\"boxking_gallery_5.jpg\" data-e-action-hash=\"#elementor-action%3Aaction%3Dlightbox%26settings%3DeyJpZCI6NjEsInVybCI6Imh0dHBzOlwvXC91a3Mtc2lvZGVta2EucGxcL3dwLWNvbnRlbnRcL3VwbG9hZHNcLzIwMjVcLzEwXC9ib3hraW5nX2dhbGxlcnlfNS5qcGciLCJzbGlkZXNob3ciOiI2OGQ0ZTAzNyJ9\">\n\t\t\t\t\t<div class=\"e-gallery-image elementor-gallery-item__image\" data-thumbnail=\"https:\/\/uks-siodemka.pl\/wp-content\/uploads\/2025\/10\/boxking_gallery_5.jpg\" data-width=\"558\" data-height=\"400\" aria-label=\"\" role=\"img\" ><\/div>\n\t\t\t\t\t\t\t\t\t\t\t<div class=\"elementor-gallery-item__overlay\"><\/div>\n\t\t\t\t\t\t\t\t\t\t\t\t\t\t\t<div class=\"elementor-gallery-item__content\">\n\t\t\t\t\t\t\t\t\t\t\t<\/div>\n\t\t\t\t\t\t\t\t\t<\/a>\n\t\t\t\t\t\t\t<a class=\"e-gallery-item elementor-gallery-item elementor-animated-content\" href=\"https:\/\/uks-siodemka.pl\/wp-content\/uploads\/2025\/10\/boxking_gallery_6.jpg\" data-elementor-open-lightbox=\"yes\" data-elementor-lightbox-slideshow=\"68d4e037\" data-elementor-lightbox-title=\"boxking_gallery_6.jpg\" data-e-action-hash=\"#elementor-action%3Aaction%3Dlightbox%26settings%3DeyJpZCI6NjIsInVybCI6Imh0dHBzOlwvXC91a3Mtc2lvZGVta2EucGxcL3dwLWNvbnRlbnRcL3VwbG9hZHNcLzIwMjVcLzEwXC9ib3hraW5nX2dhbGxlcnlfNi5qcGciLCJzbGlkZXNob3ciOiI2OGQ0ZTAzNyJ9\">\n\t\t\t\t\t<div class=\"e-gallery-image elementor-gallery-item__image\" data-thumbnail=\"https:\/\/uks-siodemka.pl\/wp-content\/uploads\/2025\/10\/boxking_gallery_6.jpg\" data-width=\"558\" data-height=\"400\" aria-label=\"\" role=\"img\" ><\/div>\n\t\t\t\t\t\t\t\t\t\t\t<div class=\"elementor-gallery-item__overlay\"><\/div>\n\t\t\t\t\t\t\t\t\t\t\t\t\t\t\t<div class=\"elementor-gallery-item__content\">\n\t\t\t\t\t\t\t\t\t\t\t<\/div>\n\t\t\t\t\t\t\t\t\t<\/a>\n\t\t\t\t\t<\/div>\n\t\t\t\t\t<\/div>\n\t\t\t\t\t<\/div>\n\t\t\t\t<\/div>\n\t\t\t\t<\/div>\n\t\t","protected":false},"excerpt":{"rendered":"<p>Zobacz, jak trenujemy, walczymy i bawimy si\u0119 judo! Nasza galeria pokazuje codzienne treningi, zawody oraz wyj\u0105tkowe chwile z \u017cycia klubu. Ka\u017cde zdj\u0119cie to dow\u00f3d pasji, zaanga\u017cowania i sportowego ducha naszych zawodnik\u00f3w.<\/p>\n","protected":false},"author":1,"featured_media":0,"parent":0,"menu_order":0,"comment_status":"closed","ping_status":"closed","template":"","meta":{"footnotes":""},"class_list":["post-54","page","type-page","status-publish","hentry"],"_links":{"self":[{"href":"https:\/\/uks-siodemka.pl\/index.php?rest_route=\/wp\/v2\/pages\/54","targetHints":{"allow":["GET"]}}],"collection":[{"href":"https:\/\/uks-siodemka.pl\/index.php?rest_route=\/wp\/v2\/pages"}],"about":[{"href":"https:\/\/uks-siodemka.pl\/index.php?rest_route=\/wp\/v2\/types\/page"}],"author":[{"embeddable":true,"href":"https:\/\/uks-siodemka.pl\/index.php?rest_route=\/wp\/v2\/users\/1"}],"replies":[{"embeddable":true,"href":"https:\/\/uks-siodemka.pl\/index.php?rest_route=%2Fwp%2Fv2%2Fcomments&post=54"}],"version-history":[{"count":10,"href":"https:\/\/uks-siodemka.pl\/index.php?rest_route=\/wp\/v2\/pages\/54\/revisions"}],"predecessor-version":[{"id":171,"href":"https:\/\/uks-siodemka.pl\/index.php?rest_route=\/wp\/v2\/pages\/54\/revisions\/171"}],"wp:attachment":[{"href":"https:\/\/uks-siodemka.pl\/index.php?rest_route=%2Fwp%2Fv2%2Fmedia&parent=54"}],"curies":[{"name":"wp","href":"https:\/\/api.w.org\/{rel}","templated":true}]}}